{"id":263,"date":"2025-07-18T08:46:50","date_gmt":"2025-07-18T08:46:50","guid":{"rendered":"https:\/\/c-oil.ihcantabria.com\/results\/"},"modified":"2025-07-21T09:00:52","modified_gmt":"2025-07-21T09:00:52","slug":"results","status":"publish","type":"page","link":"https:\/\/c-oil.ihcantabria.com\/en\/results\/","title":{"rendered":"Results"},"content":{"rendered":"\t\t<div data-elementor-type=\"wp-page\" data-elementor-id=\"263\" class=\"elementor elementor-263 elementor-78\" data-elementor-post-type=\"page\">\n\t\t\t\t\t\t<section class=\"elementor-section elementor-top-section elementor-element elementor-element-7c45472a elementor-section-full_width elementor-section-height-default elementor-section-height-default\" data-id=\"7c45472a\" data-element_type=\"section\" data-e-type=\"section\" data-settings=\"{&quot;background_background&quot;:&quot;gradient&quot;}\">\n\t\t\t\t\t\t\t<div class=\"elementor-background-overlay\"><\/div>\n\t\t\t\t\t\t\t<div class=\"elementor-container elementor-column-gap-default\">\n\t\t\t\t\t<div class=\"elementor-column elementor-col-100 elementor-top-column elementor-element elementor-element-478decf8\" data-id=\"478decf8\" data-element_type=\"column\" data-e-type=\"column\">\n\t\t\t<div class=\"elementor-widget-wrap elementor-element-populated\">\n\t\t\t\t\t\t<section class=\"elementor-section elementor-inner-section elementor-element elementor-element-4d34720b elementor-section-boxed elementor-section-height-default elementor-section-height-default\" data-id=\"4d34720b\" data-element_type=\"section\" data-e-type=\"section\">\n\t\t\t\t\t\t<div class=\"elementor-container elementor-column-gap-default\">\n\t\t\t\t\t<div class=\"elementor-column elementor-col-50 elementor-inner-column elementor-element elementor-element-55e95889\" data-id=\"55e95889\" data-element_type=\"column\" data-e-type=\"column\">\n\t\t\t<div class=\"elementor-widget-wrap elementor-element-populated\">\n\t\t\t\t\t\t<div class=\"elementor-element elementor-element-7fad89a4 elementor-widget elementor-widget-heading\" data-id=\"7fad89a4\" data-element_type=\"widget\" data-e-type=\"widget\" data-widget_type=\"heading.default\">\n\t\t\t\t\t<h2 class=\"elementor-heading-title elementor-size-default\">Results<\/h2>\t\t\t\t<\/div>\n\t\t\t\t\t<\/div>\n\t\t<\/div>\n\t\t\t\t<div class=\"elementor-column elementor-col-50 elementor-inner-column elementor-element elementor-element-122a5493\" data-id=\"122a5493\" data-element_type=\"column\" data-e-type=\"column\">\n\t\t\t<div class=\"elementor-widget-wrap\">\n\t\t\t\t\t\t\t<\/div>\n\t\t<\/div>\n\t\t\t\t\t<\/div>\n\t\t<\/section>\n\t\t\t\t\t<\/div>\n\t\t<\/div>\n\t\t\t\t\t<\/div>\n\t\t<\/section>\n\t\t\t\t<section class=\"elementor-section elementor-top-section elementor-element elementor-element-54debe3c elementor-section-boxed elementor-section-height-default elementor-section-height-default\" data-id=\"54debe3c\" data-element_type=\"section\" data-e-type=\"section\" data-settings=\"{&quot;background_background&quot;:&quot;classic&quot;}\">\n\t\t\t\t\t\t\t<div class=\"elementor-background-overlay\"><\/div>\n\t\t\t\t\t\t\t<div class=\"elementor-container elementor-column-gap-default\">\n\t\t\t\t\t<div class=\"elementor-column elementor-col-100 elementor-top-column elementor-element elementor-element-7d37329e\" data-id=\"7d37329e\" data-element_type=\"column\" data-e-type=\"column\">\n\t\t\t<div class=\"elementor-widget-wrap elementor-element-populated\">\n\t\t\t\t\t\t<div class=\"elementor-element elementor-element-79bacf27 elementor-invisible elementor-widget elementor-widget-heading\" data-id=\"79bacf27\" data-element_type=\"widget\" data-e-type=\"widget\" data-settings=\"{&quot;_animation&quot;:&quot;fadeInLeft&quot;}\" data-widget_type=\"heading.default\">\n\t\t\t\t\t<h2 class=\"elementor-heading-title elementor-size-default\">Results<\/h2>\t\t\t\t<\/div>\n\t\t\t\t<div class=\"elementor-element elementor-element-c033959 elementor-widget elementor-widget-text-editor\" data-id=\"c033959\" data-element_type=\"widget\" data-e-type=\"widget\" data-widget_type=\"text-editor.default\">\n\t\t\t\t\t\t\t\t\t<p>The C-OIL project has provided the following specific results:<\/p><ol><li>New knowledge in the application and sensitivity analysis of different Artificial Intelligence techniques (Analogues, Adaboost, RNN-LSTM) for the simulation of high resolution currents at coastal and local scale.<\/li><li>New advances in the optimization of Lagrangian spill simulation models to improve concentration prediction and definition of toxicity thresholds.<\/li><li><span style=\"background-color: transparent; letter-spacing: 0.03px;\">Development of a downscaling methodology <\/span><em style=\"background-color: transparent; letter-spacing: 0.03px;\">downscaling<\/em><span style=\"background-color: transparent; letter-spacing: 0.03px;\"> based hydrodynamic downscaling methodology for the prediction of currents at coastal and local scales (ports, bays and estuaries).<\/span><\/li><li><span style=\"background-color: transparent; letter-spacing: 0.03px;\">Based on previous results, development of a methodology for the simulation of oil spill evolution based on hybrid AI and numerical modeling techniques.<\/span><\/li><\/ol>\t\t\t\t\t\t\t\t<\/div>\n\t\t\t\t<section class=\"elementor-section elementor-inner-section elementor-element elementor-element-470fc8b2 elementor-section-boxed elementor-section-height-default elementor-section-height-default\" data-id=\"470fc8b2\" data-element_type=\"section\" data-e-type=\"section\">\n\t\t\t\t\t\t<div class=\"elementor-container elementor-column-gap-default\">\n\t\t\t\t\t<div class=\"elementor-column elementor-col-33 elementor-inner-column elementor-element elementor-element-f747f69\" data-id=\"f747f69\" data-element_type=\"column\" data-e-type=\"column\">\n\t\t\t<div class=\"elementor-widget-wrap elementor-element-populated\">\n\t\t\t\t\t\t<div class=\"elementor-element elementor-element-5a26593 elementor-widget elementor-widget-image\" data-id=\"5a26593\" data-element_type=\"widget\" data-e-type=\"widget\" data-widget_type=\"image.default\">\n\t\t\t\t\t\t\t\t\t\t\t\t\t\t\t<img fetchpriority=\"high\" decoding=\"async\" width=\"479\" height=\"482\" src=\"https:\/\/c-oil.ihcantabria.com\/wp-content\/uploads\/2025\/07\/coil2.png\" class=\"attachment-large size-large wp-image-243\" alt=\"\" srcset=\"https:\/\/c-oil.ihcantabria.com\/wp-content\/uploads\/2025\/07\/coil2.png 479w, https:\/\/c-oil.ihcantabria.com\/wp-content\/uploads\/2025\/07\/coil2-298x300.png 298w, https:\/\/c-oil.ihcantabria.com\/wp-content\/uploads\/2025\/07\/coil2-150x150.png 150w\" sizes=\"(max-width: 479px) 100vw, 479px\" \/>\t\t\t\t\t\t\t\t\t\t\t\t\t\t\t<\/div>\n\t\t\t\t\t<\/div>\n\t\t<\/div>\n\t\t\t\t<div class=\"elementor-column elementor-col-33 elementor-inner-column elementor-element elementor-element-297152b1\" data-id=\"297152b1\" data-element_type=\"column\" data-e-type=\"column\">\n\t\t\t<div class=\"elementor-widget-wrap elementor-element-populated\">\n\t\t\t\t\t\t<div class=\"elementor-element elementor-element-291c679 elementor-widget elementor-widget-image\" data-id=\"291c679\" data-element_type=\"widget\" data-e-type=\"widget\" data-widget_type=\"image.default\">\n\t\t\t\t\t\t\t\t\t\t\t\t\t\t\t<img decoding=\"async\" width=\"547\" height=\"604\" src=\"https:\/\/c-oil.ihcantabria.com\/wp-content\/uploads\/2025\/07\/Captura-de-pantalla-2025-07-21-a-las-9.43.45-2.png\" class=\"attachment-large size-large wp-image-244\" alt=\"\" srcset=\"https:\/\/c-oil.ihcantabria.com\/wp-content\/uploads\/2025\/07\/Captura-de-pantalla-2025-07-21-a-las-9.43.45-2.png 547w, https:\/\/c-oil.ihcantabria.com\/wp-content\/uploads\/2025\/07\/Captura-de-pantalla-2025-07-21-a-las-9.43.45-2-272x300.png 272w\" sizes=\"(max-width: 547px) 100vw, 547px\" \/>\t\t\t\t\t\t\t\t\t\t\t\t\t\t\t<\/div>\n\t\t\t\t\t<\/div>\n\t\t<\/div>\n\t\t\t\t<div class=\"elementor-column elementor-col-33 elementor-inner-column elementor-element elementor-element-4ca40767\" data-id=\"4ca40767\" data-element_type=\"column\" data-e-type=\"column\">\n\t\t\t<div class=\"elementor-widget-wrap elementor-element-populated\">\n\t\t\t\t\t\t<div class=\"elementor-element elementor-element-8546203 elementor-widget elementor-widget-image\" data-id=\"8546203\" data-element_type=\"widget\" data-e-type=\"widget\" data-widget_type=\"image.default\">\n\t\t\t\t\t\t\t\t\t\t\t\t\t\t\t<img decoding=\"async\" width=\"341\" height=\"482\" src=\"https:\/\/c-oil.ihcantabria.com\/wp-content\/uploads\/2025\/07\/coil2-copia-2.png\" class=\"attachment-large size-large wp-image-242\" alt=\"\" srcset=\"https:\/\/c-oil.ihcantabria.com\/wp-content\/uploads\/2025\/07\/coil2-copia-2.png 341w, https:\/\/c-oil.ihcantabria.com\/wp-content\/uploads\/2025\/07\/coil2-copia-2-212x300.png 212w\" sizes=\"(max-width: 341px) 100vw, 341px\" \/>\t\t\t\t\t\t\t\t\t\t\t\t\t\t\t<\/div>\n\t\t\t\t\t<\/div>\n\t\t<\/div>\n\t\t\t\t\t<\/div>\n\t\t<\/section>\n\t\t\t\t\t<\/div>\n\t\t<\/div>\n\t\t\t\t\t<\/div>\n\t\t<\/section>\n\t\t\t\t<section class=\"elementor-section elementor-top-section elementor-element elementor-element-07bcce0 elementor-section-boxed elementor-section-height-default elementor-section-height-default\" data-id=\"07bcce0\" data-element_type=\"section\" data-e-type=\"section\" data-settings=\"{&quot;background_background&quot;:&quot;classic&quot;}\">\n\t\t\t\t\t\t\t<div class=\"elementor-background-overlay\"><\/div>\n\t\t\t\t\t\t\t<div class=\"elementor-container elementor-column-gap-default\">\n\t\t\t\t\t<div class=\"elementor-column elementor-col-100 elementor-top-column elementor-element elementor-element-7310e4a\" data-id=\"7310e4a\" data-element_type=\"column\" data-e-type=\"column\">\n\t\t\t<div class=\"elementor-widget-wrap elementor-element-populated\">\n\t\t\t\t\t\t<div class=\"elementor-element elementor-element-195ad2d elementor-invisible elementor-widget elementor-widget-heading\" data-id=\"195ad2d\" data-element_type=\"widget\" data-e-type=\"widget\" data-settings=\"{&quot;_animation&quot;:&quot;fadeInLeft&quot;}\" data-widget_type=\"heading.default\">\n\t\t\t\t\t<h2 class=\"elementor-heading-title elementor-size-default\">Dissemination<\/h2>\t\t\t\t<\/div>\n\t\t\t\t<div class=\"elementor-element elementor-element-59773e6 elementor-widget elementor-widget-text-editor\" data-id=\"59773e6\" data-element_type=\"widget\" data-e-type=\"widget\" data-widget_type=\"text-editor.default\">\n\t\t\t\t\t\t\t\t\t<h4><strong>Published articles:<\/strong><\/h4><p>&#8211; Rupani, M., Abascal, A.J., Garc\u00eda A., Manzanas, R., 2025. Analogues-Based Hydrodynamic Modelling for Local Scales: A Case Study in Santander Bay, Spain. Proceeding of the 12th International Workshop on Marine Technology (MARTECH 2025), 42-43, ISBN 978-84-09-61714-2<\/p><p>&#8211; Mart\u00ednez, A., Abascal, A.J., Garc\u00eda, A., Arag\u00f3n, G., Medina, R., 2024. Lagrangian modelling of oil concentrations at sea: A sensitivity analysis to the grid resolution and number of Lagrangian elements. Marine Pollution Bulletin, 198, 115787, https:\/\/doi.org\/10.1016\/j.marpolbul.2023.115787<br>Link to article: <br>https:\/\/www.sciencedirect.com\/science\/article\/pii\/S0025326X23012225<\/p><p>&#8211; Abascal, A.J., Arag\u00f3n, G., Gonzalez, M., P\u00e9rez-D\u00edaz, B., B\u00e1rcena, J.F., Mart\u00ednez, A., Pedraz, L., Garc\u00eda-Alba, J., Largo, A.M., Lamothe, B., Garc\u00eda, A., Medina, R., 2022. An operational system to forecast marine and atmospheric pollution from chemical spills in harbour areas. Proceedings of the 44th AMOP Technical Seminar on Environmental Contamination and Response, Environment Canada, Ottawa, 499-513.<\/p><h4><strong>Participation in congresses:<\/strong><\/h4><p><br>&#8211; Abascal, A.J., Arag\u00f3n, G., P\u00e9rez, C.A., N\u00fa\u00f1ez, P., Ruiz, I., Rubio, A., Maga\u00f1a, C.M., Montero, P., Ayensa, G., Chambel, P., Garc\u00eda, A., Medina, R., 2025. The scientific response to support the environmental emergency caused by the plastic pellets from the Tocanao ship Spill. Interspill 2025, London (UK), April 8-10, 2025.<br>&#8211; Abascal A.J., Garc\u00eda, A., Rupani, M., Julio, A.F., Garc\u00eda-Alba, J., Arag\u00f3n, G., B\u00e1rcena, J.F., Badano, L., P\u00e9rez, C.A., Manzanas, R., Medina, R., 2024. A coastal and estuarine operational oceanography system and derived downstream services for marine pollution prevention and water quality management. OceanPredict Symposium (OP&#8217;24), Paris (France), 18-22 November, 2024.<br>&#8211; Abascal, A.J., Arag\u00f3n, G., Gonzalez, M., P\u00e9rez-D\u00edaz, B., B\u00e1rcena, J.F., Mart\u00ednez, A., Pedraz, L., Garc\u00eda-Alba, J., Largo, A.M., Lamothe, B., Garc\u00eda, A., Medina, R., 2022 An operational system to forecast marine and atmospheric pollution from chemical spills in harbour areas. 44th AMOP Technical Seminar on Environmental Contamination and Response (AMOP 2022), Vancouver (virtual conference), 7-9 June 2022.<br>&#8211; Abascal, A.J., Gonzalez, M., Arag\u00f3n, G., Largo, A.M., Lamothe, B., Pedraz, L., P\u00e9rez-D\u00edaz, B., de los R\u00edos, A., Mart\u00ednez, A., B\u00e1rcena, J.F., Garc\u00eda, J., Garc\u00eda, A., Puente, A., Fern\u00e1ndez, F., Medina, R., 2022. A Web-Gis operational system for the risk management of marine and atmospheric pollution from hazardous and noxious substances (HNS) spills in harbor areas. Interspill 2022, Amsterdam (The Netherlands), 21-23 June 2022<\/p>\t\t\t\t\t\t\t\t<\/div>\n\t\t\t\t\t<\/div>\n\t\t<\/div>\n\t\t\t\t\t<\/div>\n\t\t<\/section>\n\t\t\t\t<\/div>\n\t\t","protected":false},"excerpt":{"rendered":"<p>The C-OIL project has provided the following specific results: New knowledge in the application and sensitivity analysis of different Artificial Intelligence techniques (Analogues, Adaboost, RNN-LSTM) for the simulation of high resolution currents at coastal and local scale. New advances in the optimization of Lagrangian spill simulation models to improve concentration prediction and definition of toxicity [&hellip;]<\/p>\n","protected":false},"author":1,"featured_media":0,"parent":0,"menu_order":0,"comment_status":"closed","ping_status":"closed","template":"","meta":{"footnotes":""},"class_list":["post-263","page","type-page","status-publish","hentry"],"_links":{"self":[{"href":"https:\/\/c-oil.ihcantabria.com\/en\/wp-json\/wp\/v2\/pages\/263","targetHints":{"allow":["GET"]}}],"collection":[{"href":"https:\/\/c-oil.ihcantabria.com\/en\/wp-json\/wp\/v2\/pages"}],"about":[{"href":"https:\/\/c-oil.ihcantabria.com\/en\/wp-json\/wp\/v2\/types\/page"}],"author":[{"embeddable":true,"href":"https:\/\/c-oil.ihcantabria.com\/en\/wp-json\/wp\/v2\/users\/1"}],"replies":[{"embeddable":true,"href":"https:\/\/c-oil.ihcantabria.com\/en\/wp-json\/wp\/v2\/comments?post=263"}],"version-history":[{"count":2,"href":"https:\/\/c-oil.ihcantabria.com\/en\/wp-json\/wp\/v2\/pages\/263\/revisions"}],"predecessor-version":[{"id":265,"href":"https:\/\/c-oil.ihcantabria.com\/en\/wp-json\/wp\/v2\/pages\/263\/revisions\/265"}],"wp:attachment":[{"href":"https:\/\/c-oil.ihcantabria.com\/en\/wp-json\/wp\/v2\/media?parent=263"}],"curies":[{"name":"wp","href":"https:\/\/api.w.org\/{rel}","templated":true}]}}